{"id":3535,"date":"2012-02-16T10:01:06","date_gmt":"2012-02-16T10:01:06","guid":{"rendered":"http:\/\/demo.cpothemes.com\/illustrious\/?page_id=10"},"modified":"2024-08-17T08:24:09","modified_gmt":"2024-08-17T08:24:09","slug":"contact","status":"publish","type":"page","link":"https:\/\/emayecim.com\/?page_id=3535","title":{"rendered":"\u0130leti\u015fim"},"content":{"rendered":"\t\t<div data-elementor-type=\"wp-page\" data-elementor-id=\"3535\" class=\"elementor elementor-3535\">\n\t\t\t\t\t\t\t<div class=\"elementor-element elementor-element-8d434de e-flex e-con-boxed e-con e-parent\" data-id=\"8d434de\" data-element_type=\"container\" data-settings=\"{&quot;content_width&quot;:&quot;boxed&quot;}\" data-core-v316-plus=\"true\">\n\t\t\t\t\t<div class=\"e-con-inner\">\n\t\t\t\t<div class=\"elementor-element elementor-element-546a958 elementor-widget elementor-widget-text-editor\" data-id=\"546a958\" data-element_type=\"widget\" data-widget_type=\"text-editor.default\">\n\t\t\t\t<div class=\"elementor-widget-container\">\n\t\t\t<style>\/*! elementor - v3.17.0 - 08-11-2023 *\/\n.elementor-widget-text-editor.elementor-drop-cap-view-stacked .elementor-drop-cap{background-color:#69727d;color:#fff}.elementor-widget-text-editor.elementor-drop-cap-view-framed .elementor-drop-cap{color:#69727d;border:3px solid;background-color:transparent}.elementor-widget-text-editor:not(.elementor-drop-cap-view-default) .elementor-drop-cap{margin-top:8px}.elementor-widget-text-editor:not(.elementor-drop-cap-view-default) .elementor-drop-cap-letter{width:1em;height:1em}.elementor-widget-text-editor .elementor-drop-cap{float:left;text-align:center;line-height:1;font-size:50px}.elementor-widget-text-editor .elementor-drop-cap-letter{display:inline-block}<\/style>\t\t\t\t<p><i style=\"caret-color: #878585; color: #878585; font-size: 18px; text-align: center;\">Adres: \u015eamlar Mh. \u0130stiklal Cd. No: 430 Ba\u015fak\u015fehir\/ istanbul<\/i><span style=\"caret-color: #878585; color: #878585; font-size: 18px; text-align: center;\">\u00a0<\/span><br style=\"caret-color: #878585; color: #878585; font-size: 18px; text-align: center;\" \/><a style=\"transition-property: all; font-size: 18px; text-align: center;\" href=\"tel:+905324641783\">Whatsapp: 0532 464 17 83<\/a><\/p><p>Email: can_kalip@hotmail.com<\/p>\t\t\t\t\t\t<\/div>\n\t\t\t\t<\/div>\n\t\t\t\t\t<\/div>\n\t\t\t\t<\/div>\n\t\t\t\t\t\t\t<\/div>\n\t\t","protected":false},"excerpt":{"rendered":"<p>Adres: \u015eamlar Mh. \u0130stiklal Cd. No: 430 Ba\u015fak\u015fehir\/ istanbul\u00a0Whatsapp: 0532 464 17 83 Email: can_kalip@hotmail.com<\/p>\n","protected":false},"author":1,"featured_media":6798,"parent":0,"menu_order":0,"comment_status":"closed","ping_status":"open","template":"","meta":{"footnotes":""},"featured_media_urls":{"thumbnail":["https:\/\/emayecim.com\/wp-content\/uploads\/2023\/11\/banner-150x150.png",150,150,true],"medium":["https:\/\/emayecim.com\/wp-content\/uploads\/2023\/11\/banner-300x300.png",300,300,true],"medium_large":["https:\/\/emayecim.com\/wp-content\/uploads\/2023\/11\/banner-768x768.png",768,768,true],"large":["https:\/\/emayecim.com\/wp-content\/uploads\/2023\/11\/banner.png",950,950,false],"1536x1536":["https:\/\/emayecim.com\/wp-content\/uploads\/2023\/11\/banner.png",1024,1024,false],"2048x2048":["https:\/\/emayecim.com\/wp-content\/uploads\/2023\/11\/banner.png",1024,1024,false],"inspiro-featured-image":["https:\/\/emayecim.com\/wp-content\/uploads\/2023\/11\/banner.png",1024,1024,false],"inspiro-loop":["https:\/\/emayecim.com\/wp-content\/uploads\/2023\/11\/banner-950x320.png",950,320,true],"inspiro-loop@2x":["https:\/\/emayecim.com\/wp-content\/uploads\/2023\/11\/banner-1024x640.png",1024,640,true],"portfolio_item-thumbnail":["https:\/\/emayecim.com\/wp-content\/uploads\/2023\/11\/banner-600x400.png",600,400,true],"portfolio_item-thumbnail@2x":["https:\/\/emayecim.com\/wp-content\/uploads\/2023\/11\/banner-1024x800.png",1024,800,true],"portfolio_item-masonry":["https:\/\/emayecim.com\/wp-content\/uploads\/2023\/11\/banner-600x600.png",600,600,true],"portfolio_item-masonry@2x":["https:\/\/emayecim.com\/wp-content\/uploads\/2023\/11\/banner.png",1024,1024,false],"portfolio_item-thumbnail_cinema":["https:\/\/emayecim.com\/wp-content\/uploads\/2023\/11\/banner-800x335.png",800,335,true],"portfolio_item-thumbnail_portrait":["https:\/\/emayecim.com\/wp-content\/uploads\/2023\/11\/banner-600x900.png",600,900,true],"portfolio_item-thumbnail_portrait@2x":["https:\/\/emayecim.com\/wp-content\/uploads\/2023\/11\/banner.png",1024,1024,false],"portfolio_item-thumbnail_square":["https:\/\/emayecim.com\/wp-content\/uploads\/2023\/11\/banner-800x800.png",800,800,true],"form-edit-image-preview":["https:\/\/emayecim.com\/wp-content\/uploads\/2023\/11\/banner-116x116.png",116,116,true]},"_links":{"self":[{"href":"https:\/\/emayecim.com\/index.php?rest_route=\/wp\/v2\/pages\/3535"}],"collection":[{"href":"https:\/\/emayecim.com\/index.php?rest_route=\/wp\/v2\/pages"}],"about":[{"href":"https:\/\/emayecim.com\/index.php?rest_route=\/wp\/v2\/types\/page"}],"author":[{"embeddable":true,"href":"https:\/\/emayecim.com\/index.php?rest_route=\/wp\/v2\/users\/1"}],"replies":[{"embeddable":true,"href":"https:\/\/emayecim.com\/index.php?rest_route=%2Fwp%2Fv2%2Fcomments&post=3535"}],"version-history":[{"count":10,"href":"https:\/\/emayecim.com\/index.php?rest_route=\/wp\/v2\/pages\/3535\/revisions"}],"predecessor-version":[{"id":6935,"href":"https:\/\/emayecim.com\/index.php?rest_route=\/wp\/v2\/pages\/3535\/revisions\/6935"}],"wp:featuredmedia":[{"embeddable":true,"href":"https:\/\/emayecim.com\/index.php?rest_route=\/wp\/v2\/media\/6798"}],"wp:attachment":[{"href":"https:\/\/emayecim.com\/index.php?rest_route=%2Fwp%2Fv2%2Fmedia&parent=3535"}],"curies":[{"name":"wp","href":"https:\/\/api.w.org\/{rel}","templated":true}]}}