{"id":5206,"date":"2014-08-06T08:40:48","date_gmt":"2014-08-06T08:40:48","guid":{"rendered":"http:\/\/demo.wpzoom.com\/inspiro\/?page_id=5206"},"modified":"2024-01-31T10:25:16","modified_gmt":"2024-01-31T10:25:16","slug":"portfolio-2","status":"publish","type":"page","link":"https:\/\/emayecim.com\/?page_id=5206","title":{"rendered":"\u00dcr\u00fcnlerimiz"},"content":{"rendered":"\t\t<div data-elementor-type=\"wp-page\" data-elementor-id=\"5206\" class=\"elementor elementor-5206\">\n\t\t\t\t\t\t\t<div class=\"elementor-element elementor-element-152e225d e-flex e-con-boxed e-con e-parent\" data-id=\"152e225d\" data-element_type=\"container\" data-settings=\"{&quot;content_width&quot;:&quot;boxed&quot;}\" data-core-v316-plus=\"true\">\n\t\t\t\t\t<div class=\"e-con-inner\">\n\t\t\t\t<div class=\"elementor-element elementor-element-6b70a1c4 elementor-widget elementor-widget-text-editor\" data-id=\"6b70a1c4\" data-element_type=\"widget\" data-widget_type=\"text-editor.default\">\n\t\t\t\t<div class=\"elementor-widget-container\">\n\t\t\t<style>\/*! elementor - v3.17.0 - 08-11-2023 *\/\n.elementor-widget-text-editor.elementor-drop-cap-view-stacked .elementor-drop-cap{background-color:#69727d;color:#fff}.elementor-widget-text-editor.elementor-drop-cap-view-framed .elementor-drop-cap{color:#69727d;border:3px solid;background-color:transparent}.elementor-widget-text-editor:not(.elementor-drop-cap-view-default) .elementor-drop-cap{margin-top:8px}.elementor-widget-text-editor:not(.elementor-drop-cap-view-default) .elementor-drop-cap-letter{width:1em;height:1em}.elementor-widget-text-editor .elementor-drop-cap{float:left;text-align:center;line-height:1;font-size:50px}.elementor-widget-text-editor .elementor-drop-cap-letter{display:inline-block}<\/style>\t\t\t\t<p>Firmam\u0131z sa\u011fl\u0131kl\u0131 ve uzun \u00f6m\u00fcrl\u00fc emaye kaplama mutfak, pi\u015firme, sunum ve servis \u00fcr\u00fcnleri \u00fcretmektedir. Farkl\u0131 boylarda f\u0131r\u0131n tepsileri ve turta kal\u0131plar\u0131 standart olarak seri \u00fcretimini yapt\u0131\u011f\u0131m\u0131z \u00fcr\u00fcnlerdir. Ayr\u0131ca talebinize g\u00f6re farkl\u0131 \u00fcr\u00fcnlerin fason \u00fcretimi yap\u0131labilmektedir.<\/p>\t\t\t\t\t\t<\/div>\n\t\t\t\t<\/div>\n\t\t\t\t\t<\/div>\n\t\t\t\t<\/div>\n\t\t<div class=\"elementor-element elementor-element-ff0011e e-flex e-con-boxed e-con e-parent\" data-id=\"ff0011e\" data-element_type=\"container\" data-settings=\"{&quot;content_width&quot;:&quot;boxed&quot;}\" data-core-v316-plus=\"true\">\n\t\t\t\t\t<div class=\"e-con-inner\">\n\t\t\t\t<div class=\"elementor-element elementor-element-c8efddc elementor-widget elementor-widget-wpzoom-elementor-addons-carousel\" data-id=\"c8efddc\" data-element_type=\"widget\" data-settings=\"{&quot;animation_speed&quot;:200,&quot;autoplay_speed&quot;:2000,&quot;slides_to_show&quot;:&quot;4&quot;,&quot;autoplay&quot;:&quot;yes&quot;,&quot;loop&quot;:&quot;yes&quot;,&quot;navigation&quot;:&quot;arrow&quot;,&quot;slides_to_show_tablet&quot;:3,&quot;slides_to_show_mobile&quot;:2}\" data-widget_type=\"wpzoom-elementor-addons-carousel.default\">\n\t\t\t\t<div class=\"elementor-widget-container\">\n\t\t\t<div class=\"wpzjs-slick wpz-slick wpz-slick--carousel\">\n\n\t\t\t\n\t\t\t\t<div class=\"wpz-slick-slide\">\n\t\t\t\t\t<div class=\"wpz-slick-item\">\n\t\t\t\t\t\t\t\t\t\t\t\t\t<img decoding=\"async\" class=\"wpz-slick-img\" src=\"https:\/\/emayecim.com\/wp-content\/uploads\/2023\/11\/tepsi-3lu-1-768x1152.jpg\" alt=\"F\u0131r\u0131n Tepsileri\">\n\t\t\t\t\t\t\n\t\t\t\t\t\t\t\t\t\t\t\t\t<div class=\"wpz-slick-content\">\n\t\t\t\t\t\t\t\t\t\t\t\t\t\t\t\t\t<h2 class=\"wpz-slick-title\">F\u0131r\u0131n Tepsileri<\/h2>\n\t\t\t\t\t\t\t\t\t\t\t\t\t\t\t\t\t\t\t\t\t\t\t<\/div>\n\t\t\t\t\t\t\t\t\t\t\t<\/div>\n\t\t\t\t<\/div>\n\n\t\t\t\n\t\t\t\t<div class=\"wpz-slick-slide\">\n\t\t\t\t\t<div class=\"wpz-slick-item\">\n\t\t\t\t\t\t\t\t\t\t\t\t\t<img decoding=\"async\" class=\"wpz-slick-img\" src=\"https:\/\/emayecim.com\/wp-content\/uploads\/2023\/11\/turta-tepsisi-768x1152.jpg\" alt=\"Turta Kal\u0131plar\u0131\">\n\t\t\t\t\t\t\n\t\t\t\t\t\t\t\t\t\t\t\t\t<div class=\"wpz-slick-content\">\n\t\t\t\t\t\t\t\t\t\t\t\t\t\t\t\t\t<h2 class=\"wpz-slick-title\">Turta Kal\u0131plar\u0131<\/h2>\n\t\t\t\t\t\t\t\t\t\t\t\t\t\t\t\t\t\t\t\t\t\t\t<\/div>\n\t\t\t\t\t\t\t\t\t\t\t<\/div>\n\t\t\t\t<\/div>\n\n\t\t\t\n\t\t\t\t<div class=\"wpz-slick-slide\">\n\t\t\t\t\t<div class=\"wpz-slick-item\">\n\t\t\t\t\t\t\t\t\t\t\t\t\t<img decoding=\"async\" class=\"wpz-slick-img\" src=\"https:\/\/emayecim.com\/wp-content\/uploads\/2023\/07\/2ed581a1-d082-443b-b2c1-0780ba1972a1.jpg\" alt=\"Kek Kal\u0131plar\u0131\">\n\t\t\t\t\t\t\n\t\t\t\t\t\t\t\t\t\t\t\t\t<div class=\"wpz-slick-content\">\n\t\t\t\t\t\t\t\t\t\t\t\t\t\t\t\t\t<h2 class=\"wpz-slick-title\">Kek Kal\u0131plar\u0131<\/h2>\n\t\t\t\t\t\t\t\t\t\t\t\t\t\t\t\t\t\t\t\t\t\t\t<\/div>\n\t\t\t\t\t\t\t\t\t\t\t<\/div>\n\t\t\t\t<\/div>\n\n\t\t\t\n\t\t\t\t<div class=\"wpz-slick-slide\">\n\t\t\t\t\t<div class=\"wpz-slick-item\">\n\t\t\t\t\t\t\t\t\t\t\t\t\t<img decoding=\"async\" class=\"wpz-slick-img\" src=\"https:\/\/emayecim.com\/wp-content\/uploads\/2024\/01\/air-fry-768x1152.jpg\" alt=\"Air Fryer \u00dcr\u00fcnleri\">\n\t\t\t\t\t\t\n\t\t\t\t\t\t\t\t\t\t\t\t\t<div class=\"wpz-slick-content\">\n\t\t\t\t\t\t\t\t\t\t\t\t\t\t\t\t\t<h2 class=\"wpz-slick-title\">Air Fryer \u00dcr\u00fcnleri<\/h2>\n\t\t\t\t\t\t\t\t\t\t\t\t\t\t\t\t\t\t\t\t\t\t\t<\/div>\n\t\t\t\t\t\t\t\t\t\t\t<\/div>\n\t\t\t\t<\/div>\n\n\t\t\t\n\t\t\t\t<div class=\"wpz-slick-slide\">\n\t\t\t\t\t<div class=\"wpz-slick-item\">\n\t\t\t\t\t\t\t\t\t\t\t\t\t<img decoding=\"async\" class=\"wpz-slick-img\" src=\"https:\/\/emayecim.com\/wp-content\/uploads\/2024\/01\/sac-kavurma-768x986.jpg\" alt=\"Sac Kavurma Tavalar\u0131\">\n\t\t\t\t\t\t\n\t\t\t\t\t\t\t\t\t\t\t\t\t<div class=\"wpz-slick-content\">\n\t\t\t\t\t\t\t\t\t\t\t\t\t\t\t\t\t<h2 class=\"wpz-slick-title\">Sac Kavurma Tavalar\u0131<\/h2>\n\t\t\t\t\t\t\t\t\t\t\t\t\t\t\t\t\t\t\t\t\t\t\t<\/div>\n\t\t\t\t\t\t\t\t\t\t\t<\/div>\n\t\t\t\t<\/div>\n\n\t\t\t\n\t\t\t\t<div class=\"wpz-slick-slide\">\n\t\t\t\t\t<div class=\"wpz-slick-item\">\n\t\t\t\t\t\t\t\t\t\t\t\t\t<img decoding=\"async\" class=\"wpz-slick-img\" src=\"https:\/\/emayecim.com\/wp-content\/uploads\/2024\/01\/Untitled-7-768x768.jpg\" alt=\"K\u00f6zmatik\">\n\t\t\t\t\t\t\n\t\t\t\t\t\t\t\t\t\t\t\t\t<div class=\"wpz-slick-content\">\n\t\t\t\t\t\t\t\t\t\t\t\t\t\t\t\t\t<h2 class=\"wpz-slick-title\">K\u00f6zmatik<\/h2>\n\t\t\t\t\t\t\t\t\t\t\t\t\t\t\t\t\t\t\t\t\t\t\t<\/div>\n\t\t\t\t\t\t\t\t\t\t\t<\/div>\n\t\t\t\t<\/div>\n\n\t\t\t\n\t\t\t\t<div class=\"wpz-slick-slide\">\n\t\t\t\t\t<div class=\"wpz-slick-item\">\n\t\t\t\t\t\t\t\t\t\t\t\t\t<img decoding=\"async\" class=\"wpz-slick-img\" src=\"https:\/\/emayecim.com\/wp-content\/uploads\/2024\/01\/pizza-tepsi-768x768.jpg\" alt=\"Pizza Tepsisi\">\n\t\t\t\t\t\t\n\t\t\t\t\t\t\t\t\t\t\t\t\t<div class=\"wpz-slick-content\">\n\t\t\t\t\t\t\t\t\t\t\t\t\t\t\t\t\t<h2 class=\"wpz-slick-title\">Pizza Tepsisi<\/h2>\n\t\t\t\t\t\t\t\t\t\t\t\t\t\t\t\t\t\t\t\t\t\t\t<\/div>\n\t\t\t\t\t\t\t\t\t\t\t<\/div>\n\t\t\t\t<\/div>\n\n\t\t\t\n\t\t<\/div>\n\n\t\t\t\t\t<button type=\"button\" class=\"slick-prev\"><i aria-hidden=\"true\" class=\"fas fa-chevron-left\"><\/i><\/button>\n\t\t\n\t\t\t\t\t<button type=\"button\" class=\"slick-next\"><i aria-hidden=\"true\" class=\"fas fa-chevron-right\"><\/i><\/button>\n\t\t\n\t\t\t\t<\/div>\n\t\t\t\t<\/div>\n\t\t\t\t\t<\/div>\n\t\t\t\t<\/div>\n\t\t\t\t\t\t\t<\/div>\n\t\t","protected":false},"excerpt":{"rendered":"<p>Firmam\u0131z sa\u011fl\u0131kl\u0131 ve uzun \u00f6m\u00fcrl\u00fc emaye kaplama mutfak, pi\u015firme, sunum ve servis \u00fcr\u00fcnleri \u00fcretmektedir. Farkl\u0131 boylarda f\u0131r\u0131n tepsileri ve turta kal\u0131plar\u0131 standart olarak seri \u00fcretimini yapt\u0131\u011f\u0131m\u0131z \u00fcr\u00fcnlerdir. Ayr\u0131ca talebinize g\u00f6re farkl\u0131 \u00fcr\u00fcnlerin fason \u00fcretimi yap\u0131labilmektedir. F\u0131r\u0131n Tepsileri Turta Kal\u0131plar\u0131 Kek Kal\u0131plar\u0131 Air Fryer \u00dcr\u00fcnleri Sac Kavurma Tavalar\u0131 K\u00f6zmatik Pizza Tepsisi<\/p>\n","protected":false},"author":1,"featured_media":6798,"parent":0,"menu_order":0,"comment_status":"open","ping_status":"open","template":"page-templates\/full-width-builder-bb.php","meta":{"footnotes":""},"featured_media_urls":{"thumbnail":["https:\/\/emayecim.com\/wp-content\/uploads\/2023\/11\/banner-150x150.png",150,150,true],"medium":["https:\/\/emayecim.com\/wp-content\/uploads\/2023\/11\/banner-300x300.png",300,300,true],"medium_large":["https:\/\/emayecim.com\/wp-content\/uploads\/2023\/11\/banner-768x768.png",768,768,true],"large":["https:\/\/emayecim.com\/wp-content\/uploads\/2023\/11\/banner.png",950,950,false],"1536x1536":["https:\/\/emayecim.com\/wp-content\/uploads\/2023\/11\/banner.png",1024,1024,false],"2048x2048":["https:\/\/emayecim.com\/wp-content\/uploads\/2023\/11\/banner.png",1024,1024,false],"inspiro-featured-image":["https:\/\/emayecim.com\/wp-content\/uploads\/2023\/11\/banner.png",1024,1024,false],"inspiro-loop":["https:\/\/emayecim.com\/wp-content\/uploads\/2023\/11\/banner-950x320.png",950,320,true],"inspiro-loop@2x":["https:\/\/emayecim.com\/wp-content\/uploads\/2023\/11\/banner-1024x640.png",1024,640,true],"portfolio_item-thumbnail":["https:\/\/emayecim.com\/wp-content\/uploads\/2023\/11\/banner-600x400.png",600,400,true],"portfolio_item-thumbnail@2x":["https:\/\/emayecim.com\/wp-content\/uploads\/2023\/11\/banner-1024x800.png",1024,800,true],"portfolio_item-masonry":["https:\/\/emayecim.com\/wp-content\/uploads\/2023\/11\/banner-600x600.png",600,600,true],"portfolio_item-masonry@2x":["https:\/\/emayecim.com\/wp-content\/uploads\/2023\/11\/banner.png",1024,1024,false],"portfolio_item-thumbnail_cinema":["https:\/\/emayecim.com\/wp-content\/uploads\/2023\/11\/banner-800x335.png",800,335,true],"portfolio_item-thumbnail_portrait":["https:\/\/emayecim.com\/wp-content\/uploads\/2023\/11\/banner-600x900.png",600,900,true],"portfolio_item-thumbnail_portrait@2x":["https:\/\/emayecim.com\/wp-content\/uploads\/2023\/11\/banner.png",1024,1024,false],"portfolio_item-thumbnail_square":["https:\/\/emayecim.com\/wp-content\/uploads\/2023\/11\/banner-800x800.png",800,800,true],"form-edit-image-preview":["https:\/\/emayecim.com\/wp-content\/uploads\/2023\/11\/banner-116x116.png",116,116,true]},"_links":{"self":[{"href":"https:\/\/emayecim.com\/index.php?rest_route=\/wp\/v2\/pages\/5206"}],"collection":[{"href":"https:\/\/emayecim.com\/index.php?rest_route=\/wp\/v2\/pages"}],"about":[{"href":"https:\/\/emayecim.com\/index.php?rest_route=\/wp\/v2\/types\/page"}],"author":[{"embeddable":true,"href":"https:\/\/emayecim.com\/index.php?rest_route=\/wp\/v2\/users\/1"}],"replies":[{"embeddable":true,"href":"https:\/\/emayecim.com\/index.php?rest_route=%2Fwp%2Fv2%2Fcomments&post=5206"}],"version-history":[{"count":28,"href":"https:\/\/emayecim.com\/index.php?rest_route=\/wp\/v2\/pages\/5206\/revisions"}],"predecessor-version":[{"id":6928,"href":"https:\/\/emayecim.com\/index.php?rest_route=\/wp\/v2\/pages\/5206\/revisions\/6928"}],"wp:featuredmedia":[{"embeddable":true,"href":"https:\/\/emayecim.com\/index.php?rest_route=\/wp\/v2\/media\/6798"}],"wp:attachment":[{"href":"https:\/\/emayecim.com\/index.php?rest_route=%2Fwp%2Fv2%2Fmedia&parent=5206"}],"curies":[{"name":"wp","href":"https:\/\/api.w.org\/{rel}","templated":true}]}}