{"id":5592,"date":"2016-12-05T09:17:34","date_gmt":"2016-12-05T09:17:34","guid":{"rendered":"http:\/\/demo.wpzoom.com\/inspiro\/?page_id=5592"},"modified":"2024-01-31T10:26:19","modified_gmt":"2024-01-31T10:26:19","slug":"about","status":"publish","type":"page","link":"https:\/\/emayecim.com\/?page_id=5592","title":{"rendered":"Hakk\u0131m\u0131zda"},"content":{"rendered":"\t\t<div data-elementor-type=\"wp-page\" data-elementor-id=\"5592\" class=\"elementor elementor-5592\">\n\t\t\t\t\t\t\t<div class=\"elementor-element elementor-element-861ff59 e-flex e-con-boxed e-con e-parent\" data-id=\"861ff59\" data-element_type=\"container\" data-settings=\"{&quot;content_width&quot;:&quot;boxed&quot;}\" data-core-v316-plus=\"true\">\n\t\t\t\t\t<div class=\"e-con-inner\">\n\t\t\t\t<div class=\"elementor-element elementor-element-c82141c elementor-widget elementor-widget-text-editor\" data-id=\"c82141c\" data-element_type=\"widget\" data-widget_type=\"text-editor.default\">\n\t\t\t\t<div class=\"elementor-widget-container\">\n\t\t\t<style>\/*! elementor - v3.17.0 - 08-11-2023 *\/\n.elementor-widget-text-editor.elementor-drop-cap-view-stacked .elementor-drop-cap{background-color:#69727d;color:#fff}.elementor-widget-text-editor.elementor-drop-cap-view-framed .elementor-drop-cap{color:#69727d;border:3px solid;background-color:transparent}.elementor-widget-text-editor:not(.elementor-drop-cap-view-default) .elementor-drop-cap{margin-top:8px}.elementor-widget-text-editor:not(.elementor-drop-cap-view-default) .elementor-drop-cap-letter{width:1em;height:1em}.elementor-widget-text-editor .elementor-drop-cap{float:left;text-align:center;line-height:1;font-size:50px}.elementor-widget-text-editor .elementor-drop-cap-letter{display:inline-block}<\/style>\t\t\t\t<h1 style=\"font-size: 14px; margin-bottom: 10px; color: #7a7a7a; line-height: 1.4; padding-top: 0.625em; font-family: Sen, sans-serif;\"><span style=\"font-weight: bolder;\">Can Kal\u0131p ve \u0130malat<\/span>\u00a0olarak ba\u015flad\u0131\u011f\u0131 elektrostatik toz boyama ve toz emaye ekipman ve tesis \u00fcretim faaliyetlerini \u00fcretim kapasitesini, teknolojik imkanlar\u0131n\u0131, ihracat g\u00fcc\u00fcn\u00fc ve pazar pay\u0131n\u0131 b\u00fcy\u00fcterek\u00a0<span style=\"font-weight: bolder;\">Emayecim<\/span>\u00a0markas\u0131 olarak uluslararas\u0131 alanda da s\u00fcrd\u00fcren firma, sekt\u00f6r\u00fcn lider kurulu\u015flar\u0131 aras\u0131na yerini alm\u0131\u015ft\u0131r\u2026<\/h1>\t\t\t\t\t\t<\/div>\n\t\t\t\t<\/div>\n\t\t\t\t\t<\/div>\n\t\t\t\t<\/div>\n\t\t<div class=\"elementor-element elementor-element-825debb e-flex e-con-boxed e-con e-parent\" data-id=\"825debb\" data-element_type=\"container\" data-settings=\"{&quot;content_width&quot;:&quot;boxed&quot;}\" data-core-v316-plus=\"true\">\n\t\t\t\t\t<div class=\"e-con-inner\">\n\t\t\t\t<div class=\"elementor-element elementor-element-102dc33 elementor-widget elementor-widget-wpzoom-elementor-addons-carousel\" data-id=\"102dc33\" data-element_type=\"widget\" data-settings=\"{&quot;animation_speed&quot;:200,&quot;autoplay_speed&quot;:2000,&quot;slides_to_show&quot;:&quot;6&quot;,&quot;autoplay&quot;:&quot;yes&quot;,&quot;loop&quot;:&quot;yes&quot;,&quot;navigation&quot;:&quot;arrow&quot;,&quot;slides_to_show_tablet&quot;:3,&quot;slides_to_show_mobile&quot;:2}\" data-widget_type=\"wpzoom-elementor-addons-carousel.default\">\n\t\t\t\t<div class=\"elementor-widget-container\">\n\t\t\t<div class=\"wpzjs-slick wpz-slick wpz-slick--carousel\">\n\n\t\t\t\n\t\t\t\t<div class=\"wpz-slick-slide\">\n\t\t\t\t\t<div class=\"wpz-slick-item\">\n\t\t\t\t\t\t\t\t\t\t\t\t\t<img decoding=\"async\" class=\"wpz-slick-img\" src=\"https:\/\/emayecim.com\/wp-content\/uploads\/2023\/11\/turta-tepsisi-768x1152.jpg\" alt=\"Emaye kaplama turta kal\u0131b\u0131\">\n\t\t\t\t\t\t\n\t\t\t\t\t\t\t\t\t\t\t<\/div>\n\t\t\t\t<\/div>\n\n\t\t\t\n\t\t\t\t<div class=\"wpz-slick-slide\">\n\t\t\t\t\t<div class=\"wpz-slick-item\">\n\t\t\t\t\t\t\t\t\t\t\t\t\t<img decoding=\"async\" class=\"wpz-slick-img\" src=\"https:\/\/emayecim.com\/wp-content\/uploads\/2023\/11\/tepsi-3lu-1-768x1152.jpg\" alt=\"Emaye F\u0131r\u0131n Tepsisi\">\n\t\t\t\t\t\t\n\t\t\t\t\t\t\t\t\t\t\t<\/div>\n\t\t\t\t<\/div>\n\n\t\t\t\n\t\t\t\t<div class=\"wpz-slick-slide\">\n\t\t\t\t\t<div class=\"wpz-slick-item\">\n\t\t\t\t\t\t\t\t\t\t\t\t\t<img decoding=\"async\" class=\"wpz-slick-img\" src=\"https:\/\/emayecim.com\/wp-content\/uploads\/2024\/01\/Untitled-7-768x768.jpg\" alt=\"K\u00f6zleme Tavas\u0131\">\n\t\t\t\t\t\t\n\t\t\t\t\t\t\t\t\t\t\t<\/div>\n\t\t\t\t<\/div>\n\n\t\t\t\n\t\t\t\t<div class=\"wpz-slick-slide\">\n\t\t\t\t\t<div class=\"wpz-slick-item\">\n\t\t\t\t\t\t\t\t\t\t\t\t\t<img decoding=\"async\" class=\"wpz-slick-img\" src=\"https:\/\/emayecim.com\/wp-content\/uploads\/2023\/07\/0f6e80ce-2ecb-4d5e-a35e-78ace69e5139.jpg\" alt=\"\">\n\t\t\t\t\t\t\n\t\t\t\t\t\t\t\t\t\t\t<\/div>\n\t\t\t\t<\/div>\n\n\t\t\t\n\t\t\t\t<div class=\"wpz-slick-slide\">\n\t\t\t\t\t<div class=\"wpz-slick-item\">\n\t\t\t\t\t\t\t\t\t\t\t\t\t<img decoding=\"async\" class=\"wpz-slick-img\" src=\"https:\/\/emayecim.com\/wp-content\/uploads\/2023\/07\/2ed581a1-d082-443b-b2c1-0780ba1972a1.jpg\" alt=\"Emaye Kek Kal\u0131b\u0131\">\n\t\t\t\t\t\t\n\t\t\t\t\t\t\t\t\t\t\t<\/div>\n\t\t\t\t<\/div>\n\n\t\t\t\n\t\t\t\t<div class=\"wpz-slick-slide\">\n\t\t\t\t\t<div class=\"wpz-slick-item\">\n\t\t\t\t\t\t\t\t\t\t\t\t\t<img decoding=\"async\" class=\"wpz-slick-img\" src=\"https:\/\/emayecim.com\/wp-content\/uploads\/2024\/01\/sac-kavurma-768x986.jpg\" alt=\"\">\n\t\t\t\t\t\t\n\t\t\t\t\t\t\t\t\t\t\t<\/div>\n\t\t\t\t<\/div>\n\n\t\t\t\n\t\t\t\t<div class=\"wpz-slick-slide\">\n\t\t\t\t\t<div class=\"wpz-slick-item\">\n\t\t\t\t\t\t\t\t\t\t\t\t\t<img decoding=\"async\" class=\"wpz-slick-img\" src=\"https:\/\/emayecim.com\/wp-content\/uploads\/2024\/01\/air-fry-768x1152.jpg\" alt=\"\">\n\t\t\t\t\t\t\n\t\t\t\t\t\t\t\t\t\t\t<\/div>\n\t\t\t\t<\/div>\n\n\t\t\t\n\t\t\t\t<div class=\"wpz-slick-slide\">\n\t\t\t\t\t<div class=\"wpz-slick-item\">\n\t\t\t\t\t\t\t\t\t\t\t\t\t<img decoding=\"async\" class=\"wpz-slick-img\" src=\"https:\/\/emayecim.com\/wp-content\/uploads\/2024\/01\/pizza-tepsi-768x768.jpg\" alt=\"Pizza Tepsisi\">\n\t\t\t\t\t\t\n\t\t\t\t\t\t\t\t\t\t\t<\/div>\n\t\t\t\t<\/div>\n\n\t\t\t\n\t\t<\/div>\n\n\t\t\t\t\t<button type=\"button\" class=\"slick-prev\"><i aria-hidden=\"true\" class=\"fas fa-chevron-left\"><\/i><\/button>\n\t\t\n\t\t\t\t\t<button type=\"button\" class=\"slick-next\"><i aria-hidden=\"true\" class=\"fas fa-chevron-right\"><\/i><\/button>\n\t\t\n\t\t\t\t<\/div>\n\t\t\t\t<\/div>\n\t\t\t\t\t<\/div>\n\t\t\t\t<\/div>\n\t\t\t\t\t\t\t<\/div>\n\t\t","protected":false},"excerpt":{"rendered":"<p>Can Kal\u0131p ve \u0130malat\u00a0olarak ba\u015flad\u0131\u011f\u0131 elektrostatik toz boyama ve toz emaye ekipman ve tesis \u00fcretim faaliyetlerini \u00fcretim kapasitesini, teknolojik imkanlar\u0131n\u0131, ihracat g\u00fcc\u00fcn\u00fc ve pazar pay\u0131n\u0131 b\u00fcy\u00fcterek\u00a0Emayecim\u00a0markas\u0131 olarak uluslararas\u0131 alanda da s\u00fcrd\u00fcren firma, sekt\u00f6r\u00fcn lider kurulu\u015flar\u0131 aras\u0131na yerini alm\u0131\u015ft\u0131r\u2026<\/p>\n","protected":false},"author":1,"featured_media":6798,"parent":0,"menu_order":0,"comment_status":"closed","ping_status":"closed","template":"page-templates\/full-width-builder-bb.php","meta":{"footnotes":""},"featured_media_urls":{"thumbnail":["https:\/\/emayecim.com\/wp-content\/uploads\/2023\/11\/banner-150x150.png",150,150,true],"medium":["https:\/\/emayecim.com\/wp-content\/uploads\/2023\/11\/banner-300x300.png",300,300,true],"medium_large":["https:\/\/emayecim.com\/wp-content\/uploads\/2023\/11\/banner-768x768.png",768,768,true],"large":["https:\/\/emayecim.com\/wp-content\/uploads\/2023\/11\/banner.png",950,950,false],"1536x1536":["https:\/\/emayecim.com\/wp-content\/uploads\/2023\/11\/banner.png",1024,1024,false],"2048x2048":["https:\/\/emayecim.com\/wp-content\/uploads\/2023\/11\/banner.png",1024,1024,false],"inspiro-featured-image":["https:\/\/emayecim.com\/wp-content\/uploads\/2023\/11\/banner.png",1024,1024,false],"inspiro-loop":["https:\/\/emayecim.com\/wp-content\/uploads\/2023\/11\/banner-950x320.png",950,320,true],"inspiro-loop@2x":["https:\/\/emayecim.com\/wp-content\/uploads\/2023\/11\/banner-1024x640.png",1024,640,true],"portfolio_item-thumbnail":["https:\/\/emayecim.com\/wp-content\/uploads\/2023\/11\/banner-600x400.png",600,400,true],"portfolio_item-thumbnail@2x":["https:\/\/emayecim.com\/wp-content\/uploads\/2023\/11\/banner-1024x800.png",1024,800,true],"portfolio_item-masonry":["https:\/\/emayecim.com\/wp-content\/uploads\/2023\/11\/banner-600x600.png",600,600,true],"portfolio_item-masonry@2x":["https:\/\/emayecim.com\/wp-content\/uploads\/2023\/11\/banner.png",1024,1024,false],"portfolio_item-thumbnail_cinema":["https:\/\/emayecim.com\/wp-content\/uploads\/2023\/11\/banner-800x335.png",800,335,true],"portfolio_item-thumbnail_portrait":["https:\/\/emayecim.com\/wp-content\/uploads\/2023\/11\/banner-600x900.png",600,900,true],"portfolio_item-thumbnail_portrait@2x":["https:\/\/emayecim.com\/wp-content\/uploads\/2023\/11\/banner.png",1024,1024,false],"portfolio_item-thumbnail_square":["https:\/\/emayecim.com\/wp-content\/uploads\/2023\/11\/banner-800x800.png",800,800,true],"form-edit-image-preview":["https:\/\/emayecim.com\/wp-content\/uploads\/2023\/11\/banner-116x116.png",116,116,true]},"_links":{"self":[{"href":"https:\/\/emayecim.com\/index.php?rest_route=\/wp\/v2\/pages\/5592"}],"collection":[{"href":"https:\/\/emayecim.com\/index.php?rest_route=\/wp\/v2\/pages"}],"about":[{"href":"https:\/\/emayecim.com\/index.php?rest_route=\/wp\/v2\/types\/page"}],"author":[{"embeddable":true,"href":"https:\/\/emayecim.com\/index.php?rest_route=\/wp\/v2\/users\/1"}],"replies":[{"embeddable":true,"href":"https:\/\/emayecim.com\/index.php?rest_route=%2Fwp%2Fv2%2Fcomments&post=5592"}],"version-history":[{"count":16,"href":"https:\/\/emayecim.com\/index.php?rest_route=\/wp\/v2\/pages\/5592\/revisions"}],"predecessor-version":[{"id":6931,"href":"https:\/\/emayecim.com\/index.php?rest_route=\/wp\/v2\/pages\/5592\/revisions\/6931"}],"wp:featuredmedia":[{"embeddable":true,"href":"https:\/\/emayecim.com\/index.php?rest_route=\/wp\/v2\/media\/6798"}],"wp:attachment":[{"href":"https:\/\/emayecim.com\/index.php?rest_route=%2Fwp%2Fv2%2Fmedia&parent=5592"}],"curies":[{"name":"wp","href":"https:\/\/api.w.org\/{rel}","templated":true}]}}